{"id":217,"date":"2025-06-30T23:23:48","date_gmt":"2025-06-30T23:23:48","guid":{"rendered":"https:\/\/gygsistemas.com.mx\/index.php\/clientes\/"},"modified":"2026-04-09T18:11:38","modified_gmt":"2026-04-09T18:11:38","slug":"clientes","status":"publish","type":"page","link":"https:\/\/gygsistemas.com.mx\/index.php\/clientes\/","title":{"rendered":"Clientes"},"content":{"rendered":"\t\t<div data-elementor-type=\"wp-page\" data-elementor-id=\"217\" class=\"elementor elementor-217\">\n\t\t\t\t<div class=\"elementor-element elementor-element-iy4skrj e-con-full e-flex e-con e-parent\" data-id=\"iy4skrj\" data-element_type=\"container\" data-e-type=\"container\" data-settings=\"{&quot;background_background&quot;:&quot;classic&quot;}\">\n\t\t<div class=\"elementor-element elementor-element-18c80e5 e-flex e-con-boxed e-con e-child\" data-id=\"18c80e5\" data-element_type=\"container\" data-e-type=\"container\">\n\t\t\t\t\t<div class=\"e-con-inner\">\n\t\t\t\t<div class=\"elementor-element elementor-element-d9cad9f elementor-widget__width-initial elementor-widget elementor-widget-hfe-infocard\" data-id=\"d9cad9f\" data-element_type=\"widget\" data-e-type=\"widget\" data-widget_type=\"hfe-infocard.default\">\n\t\t\t\t<div class=\"elementor-widget-container\">\n\t\t\t\t\t\n\t\t<div class=\"hfe-infocard\">\n\t\t\t\t\t\t\t\t\t<div class=\"hfe-infocard-title-wrap\">\n\t\t\t\t<h1 class=\"hfe-infocard-title elementor-inline-editing\" data-elementor-setting-key=\"infocard_title\" data-elementor-inline-editing-toolbar=\"basic\" >CLIENTES<\/h1>\t\t\t<\/div>\n\t\t\t\t\t\t<div class=\"hfe-infocard-text-wrap\">\n\t\t\t\t<div class=\"hfe-infocard-text elementor-inline-editing\" data-elementor-setting-key=\"infocard_description\" data-elementor-inline-editing-toolbar=\"advanced\">\n\t\t\t\t\tTrabajamos con empresas de diversos sectores que buscan soluciones tecnol\u00f3gicas y de dise\u00f1o a medida para optimizar sus procesos, mejorar su imagen y crecer de forma sostenible. Nuestros clientes valoran la innovaci\u00f3n, la eficiencia y la atenci\u00f3n personalizada.\t\t\t\t<\/div>\n\t\t\t\t\t\t\t<\/div>\n\t\t<\/div>\n\n\t\t\t\t\t\t<\/div>\n\t\t\t\t<\/div>\n\t\t\t\t\t<\/div>\n\t\t\t\t<\/div>\n\t\t\t\t<\/div>\n\t\t<div class=\"elementor-element elementor-element-9a1g6no e-flex e-con-boxed e-con e-parent\" data-id=\"9a1g6no\" data-element_type=\"container\" data-e-type=\"container\" data-settings=\"{&quot;background_background&quot;:&quot;classic&quot;}\">\n\t\t\t\t\t<div class=\"e-con-inner\">\n\t\t<div class=\"elementor-element elementor-element-884b8a7 e-con-full e-flex e-con e-child\" data-id=\"884b8a7\" data-element_type=\"container\" data-e-type=\"container\">\n\t\t\t\t<div class=\"elementor-element elementor-element-38cb14d gallery-spacing-custom elementor-widget elementor-widget-image-gallery\" data-id=\"38cb14d\" data-element_type=\"widget\" data-e-type=\"widget\" data-widget_type=\"image-gallery.default\">\n\t\t\t\t<div class=\"elementor-widget-container\">\n\t\t\t\t\t\t\t<div class=\"elementor-image-gallery\">\n\t\t\t<div id='gallery-1' class='gallery galleryid-217 gallery-columns-3 gallery-size-medium'><figure class='gallery-item'>\n\t\t\t<div class='gallery-icon landscape'>\n\t\t\t\t<a data-elementor-open-lightbox=\"yes\" data-elementor-lightbox-slideshow=\"38cb14d\" data-elementor-lightbox-title=\"LOGO-ANVA-BLANCO\" data-e-action-hash=\"#elementor-action%3Aaction%3Dlightbox%26settings%3DeyJpZCI6NzcyLCJ1cmwiOiJodHRwczpcL1wvZ3lnc2lzdGVtYXMuY29tLm14XC93cC1jb250ZW50XC91cGxvYWRzXC8yMDI1XC8wN1wvTE9HTy1BTlZBLUJMQU5DTy1zY2FsZWQuanBnIiwic2xpZGVzaG93IjoiMzhjYjE0ZCJ9\" href='https:\/\/gygsistemas.com.mx\/wp-content\/uploads\/2025\/07\/LOGO-ANVA-BLANCO-scaled.jpg'><img fetchpriority=\"high\" decoding=\"async\" width=\"300\" height=\"300\" src=\"https:\/\/gygsistemas.com.mx\/wp-content\/uploads\/2025\/07\/LOGO-ANVA-BLANCO-300x300.jpg\" class=\"attachment-medium size-medium\" alt=\"\" srcset=\"https:\/\/gygsistemas.com.mx\/wp-content\/uploads\/2025\/07\/LOGO-ANVA-BLANCO-300x300.jpg 300w, https:\/\/gygsistemas.com.mx\/wp-content\/uploads\/2025\/07\/LOGO-ANVA-BLANCO-1024x1024.jpg 1024w, https:\/\/gygsistemas.com.mx\/wp-content\/uploads\/2025\/07\/LOGO-ANVA-BLANCO-150x150.jpg 150w, https:\/\/gygsistemas.com.mx\/wp-content\/uploads\/2025\/07\/LOGO-ANVA-BLANCO-768x768.jpg 768w, https:\/\/gygsistemas.com.mx\/wp-content\/uploads\/2025\/07\/LOGO-ANVA-BLANCO-1536x1536.jpg 1536w, https:\/\/gygsistemas.com.mx\/wp-content\/uploads\/2025\/07\/LOGO-ANVA-BLANCO-2048x2048.jpg 2048w\" sizes=\"(max-width: 300px) 100vw, 300px\" \/><\/a>\n\t\t\t<\/div><\/figure><figure class='gallery-item'>\n\t\t\t<div class='gallery-icon landscape'>\n\t\t\t\t<a data-elementor-open-lightbox=\"yes\" data-elementor-lightbox-slideshow=\"38cb14d\" data-elementor-lightbox-title=\"Habide-jpg\" data-e-action-hash=\"#elementor-action%3Aaction%3Dlightbox%26settings%3DeyJpZCI6Nzc0LCJ1cmwiOiJodHRwczpcL1wvZ3lnc2lzdGVtYXMuY29tLm14XC93cC1jb250ZW50XC91cGxvYWRzXC8yMDI1XC8wN1wvSGFiaWRlLWpwZy5qcGciLCJzbGlkZXNob3ciOiIzOGNiMTRkIn0%3D\" href='https:\/\/gygsistemas.com.mx\/wp-content\/uploads\/2025\/07\/Habide-jpg.jpg'><img decoding=\"async\" width=\"300\" height=\"232\" src=\"https:\/\/gygsistemas.com.mx\/wp-content\/uploads\/2025\/07\/Habide-jpg-300x232.jpg\" class=\"attachment-medium size-medium\" alt=\"\" srcset=\"https:\/\/gygsistemas.com.mx\/wp-content\/uploads\/2025\/07\/Habide-jpg-300x232.jpg 300w, https:\/\/gygsistemas.com.mx\/wp-content\/uploads\/2025\/07\/Habide-jpg-768x593.jpg 768w, https:\/\/gygsistemas.com.mx\/wp-content\/uploads\/2025\/07\/Habide-jpg.jpg 792w\" sizes=\"(max-width: 300px) 100vw, 300px\" \/><\/a>\n\t\t\t<\/div><\/figure><figure class='gallery-item'>\n\t\t\t<div class='gallery-icon landscape'>\n\t\t\t\t<a data-elementor-open-lightbox=\"yes\" data-elementor-lightbox-slideshow=\"38cb14d\" data-elementor-lightbox-title=\"MERAKI-JPG\" data-e-action-hash=\"#elementor-action%3Aaction%3Dlightbox%26settings%3DeyJpZCI6Nzc2LCJ1cmwiOiJodHRwczpcL1wvZ3lnc2lzdGVtYXMuY29tLm14XC93cC1jb250ZW50XC91cGxvYWRzXC8yMDI1XC8wN1wvTUVSQUtJLUpQRy5qcGciLCJzbGlkZXNob3ciOiIzOGNiMTRkIn0%3D\" href='https:\/\/gygsistemas.com.mx\/wp-content\/uploads\/2025\/07\/MERAKI-JPG.jpg'><img decoding=\"async\" width=\"300\" height=\"232\" src=\"https:\/\/gygsistemas.com.mx\/wp-content\/uploads\/2025\/07\/MERAKI-JPG-300x232.jpg\" class=\"attachment-medium size-medium\" alt=\"\" srcset=\"https:\/\/gygsistemas.com.mx\/wp-content\/uploads\/2025\/07\/MERAKI-JPG-300x232.jpg 300w, https:\/\/gygsistemas.com.mx\/wp-content\/uploads\/2025\/07\/MERAKI-JPG-768x593.jpg 768w, https:\/\/gygsistemas.com.mx\/wp-content\/uploads\/2025\/07\/MERAKI-JPG.jpg 792w\" sizes=\"(max-width: 300px) 100vw, 300px\" \/><\/a>\n\t\t\t<\/div><\/figure><figure class='gallery-item'>\n\t\t\t<div class='gallery-icon landscape'>\n\t\t\t\t<a data-elementor-open-lightbox=\"yes\" data-elementor-lightbox-slideshow=\"38cb14d\" data-elementor-lightbox-title=\"unnamed\" data-e-action-hash=\"#elementor-action%3Aaction%3Dlightbox%26settings%3DeyJpZCI6Nzc4LCJ1cmwiOiJodHRwczpcL1wvZ3lnc2lzdGVtYXMuY29tLm14XC93cC1jb250ZW50XC91cGxvYWRzXC8yMDI1XC8wN1wvdW5uYW1lZC5wbmciLCJzbGlkZXNob3ciOiIzOGNiMTRkIn0%3D\" href='https:\/\/gygsistemas.com.mx\/wp-content\/uploads\/2025\/07\/unnamed.png'><img loading=\"lazy\" decoding=\"async\" width=\"300\" height=\"79\" src=\"https:\/\/gygsistemas.com.mx\/wp-content\/uploads\/2025\/07\/unnamed-300x79.png\" class=\"attachment-medium size-medium\" alt=\"\" srcset=\"https:\/\/gygsistemas.com.mx\/wp-content\/uploads\/2025\/07\/unnamed-300x79.png 300w, https:\/\/gygsistemas.com.mx\/wp-content\/uploads\/2025\/07\/unnamed.png 338w\" sizes=\"(max-width: 300px) 100vw, 300px\" \/><\/a>\n\t\t\t<\/div><\/figure><figure class='gallery-item'>\n\t\t\t<div class='gallery-icon landscape'>\n\t\t\t\t<a data-elementor-open-lightbox=\"yes\" data-elementor-lightbox-slideshow=\"38cb14d\" data-elementor-lightbox-title=\"SYE_logos-02\" data-e-action-hash=\"#elementor-action%3Aaction%3Dlightbox%26settings%3DeyJpZCI6OTQ4LCJ1cmwiOiJodHRwczpcL1wvZ3lnc2lzdGVtYXMuY29tLm14XC93cC1jb250ZW50XC91cGxvYWRzXC8yMDI2XC8wM1wvU1lFX2xvZ29zLTAyLnBuZyIsInNsaWRlc2hvdyI6IjM4Y2IxNGQifQ%3D%3D\" href='https:\/\/gygsistemas.com.mx\/wp-content\/uploads\/2026\/03\/SYE_logos-02.png'><img loading=\"lazy\" decoding=\"async\" width=\"300\" height=\"146\" src=\"https:\/\/gygsistemas.com.mx\/wp-content\/uploads\/2026\/03\/SYE_logos-02-300x146.png\" class=\"attachment-medium size-medium\" alt=\"\" srcset=\"https:\/\/gygsistemas.com.mx\/wp-content\/uploads\/2026\/03\/SYE_logos-02-300x146.png 300w, https:\/\/gygsistemas.com.mx\/wp-content\/uploads\/2026\/03\/SYE_logos-02-1024x498.png 1024w, https:\/\/gygsistemas.com.mx\/wp-content\/uploads\/2026\/03\/SYE_logos-02-768x373.png 768w, https:\/\/gygsistemas.com.mx\/wp-content\/uploads\/2026\/03\/SYE_logos-02-1536x747.png 1536w, https:\/\/gygsistemas.com.mx\/wp-content\/uploads\/2026\/03\/SYE_logos-02.png 1680w\" sizes=\"(max-width: 300px) 100vw, 300px\" \/><\/a>\n\t\t\t<\/div><\/figure><figure class='gallery-item'>\n\t\t\t<div class='gallery-icon landscape'>\n\t\t\t\t<a data-elementor-open-lightbox=\"yes\" data-elementor-lightbox-slideshow=\"38cb14d\" data-elementor-lightbox-title=\"logo-canoba\" data-e-action-hash=\"#elementor-action%3Aaction%3Dlightbox%26settings%3DeyJpZCI6Nzc1LCJ1cmwiOiJodHRwczpcL1wvZ3lnc2lzdGVtYXMuY29tLm14XC93cC1jb250ZW50XC91cGxvYWRzXC8yMDI1XC8wN1wvbG9nby1jYW5vYmEucG5nIiwic2xpZGVzaG93IjoiMzhjYjE0ZCJ9\" href='https:\/\/gygsistemas.com.mx\/wp-content\/uploads\/2025\/07\/logo-canoba.png'><img loading=\"lazy\" decoding=\"async\" width=\"300\" height=\"91\" src=\"https:\/\/gygsistemas.com.mx\/wp-content\/uploads\/2025\/07\/logo-canoba-300x91.png\" class=\"attachment-medium size-medium\" alt=\"\" srcset=\"https:\/\/gygsistemas.com.mx\/wp-content\/uploads\/2025\/07\/logo-canoba-300x91.png 300w, https:\/\/gygsistemas.com.mx\/wp-content\/uploads\/2025\/07\/logo-canoba.png 746w\" sizes=\"(max-width: 300px) 100vw, 300px\" \/><\/a>\n\t\t\t<\/div><\/figure>\n\t\t<\/div>\n\t\t<\/div>\n\t\t\t\t\t\t<\/div>\n\t\t\t\t<\/div>\n\t\t\t\t<\/div>\n\t\t\t\t\t<\/div>\n\t\t\t\t<\/div>\n\t\t\t\t<section class=\"elementor-section elementor-top-section elementor-element elementor-element-f4fe991 elementor-section-content-middle elementor-section-boxed elementor-section-height-default elementor-section-height-default\" data-id=\"f4fe991\" data-element_type=\"section\" data-e-type=\"section\" data-settings=\"{&quot;background_background&quot;:&quot;classic&quot;}\">\n\t\t\t\t\t\t\t<div class=\"elementor-background-overlay\"><\/div>\n\t\t\t\t\t\t\t<div class=\"elementor-container elementor-column-gap-no\">\n\t\t\t\t\t<div class=\"elementor-column elementor-col-50 elementor-top-column elementor-element elementor-element-2761065\" data-id=\"2761065\" data-element_type=\"column\" data-e-type=\"column\" data-settings=\"{&quot;background_background&quot;:&quot;classic&quot;}\">\n\t\t\t<div class=\"elementor-widget-wrap elementor-element-populated\">\n\t\t\t\t\t\t<div class=\"elementor-element elementor-element-9ac9ccc elementor-widget elementor-widget-heading\" data-id=\"9ac9ccc\" data-element_type=\"widget\" data-e-type=\"widget\" data-widget_type=\"heading.default\">\n\t\t\t\t<div class=\"elementor-widget-container\">\n\t\t\t\t\t<h2 class=\"elementor-heading-title elementor-size-default\">GyG Sistemas a la medida<\/h2>\t\t\t\t<\/div>\n\t\t\t\t<\/div>\n\t\t\t\t<div class=\"elementor-element elementor-element-8c44e03 elementor-widget__width-initial elementor-widget elementor-widget-hfe-infocard\" data-id=\"8c44e03\" data-element_type=\"widget\" data-e-type=\"widget\" data-widget_type=\"hfe-infocard.default\">\n\t\t\t\t<div class=\"elementor-widget-container\">\n\t\t\t\t\t\n\t\t<div class=\"hfe-infocard\">\n\t\t\t\t\t\t\t\t\t<div class=\"hfe-infocard-text-wrap\">\n\t\t\t\t<div class=\"hfe-infocard-text elementor-inline-editing\" data-elementor-setting-key=\"infocard_description\" data-elementor-inline-editing-toolbar=\"advanced\">\n\t\t\t\t\t<p>En GYG Sistemas desarrollamos soluciones tecnol\u00f3gicas mediante la prestaci\u00f3n de servicios t\u00e9cnicos profesionales, de consultor\u00eda en sistemas, comercializaci\u00f3n de negocios inform\u00e1ticos, que optimizan tus procesos y tu negocio.<\/p>\t\t\t\t<\/div>\n\t\t\t\t\t\t\t<\/div>\n\t\t<\/div>\n\n\t\t\t\t\t\t<\/div>\n\t\t\t\t<\/div>\n\t\t\t\t<div class=\"elementor-element elementor-element-dbe453d elementor-widget elementor-widget-heading\" data-id=\"dbe453d\" data-element_type=\"widget\" data-e-type=\"widget\" data-widget_type=\"heading.default\">\n\t\t\t\t<div class=\"elementor-widget-container\">\n\t\t\t\t\t<h3 class=\"elementor-heading-title elementor-size-default\">Secciones<\/h3>\t\t\t\t<\/div>\n\t\t\t\t<\/div>\n\t\t<div class=\"elementor-element elementor-element-58de715 e-grid e-con-full e-con e-parent\" data-id=\"58de715\" data-element_type=\"container\" data-e-type=\"container\">\n\t\t\t\t<div class=\"elementor-element elementor-element-4b978fd elementor-widget elementor-widget-heading\" data-id=\"4b978fd\" data-element_type=\"widget\" data-e-type=\"widget\" data-widget_type=\"heading.default\">\n\t\t\t\t<div class=\"elementor-widget-container\">\n\t\t\t\t\t<div class=\"elementor-heading-title elementor-size-default\"><a href=\"https:\/\/gygsistemas.com.mx\/\">Inicio<\/a><\/div>\t\t\t\t<\/div>\n\t\t\t\t<\/div>\n\t\t\t\t<div class=\"elementor-element elementor-element-6aed8af elementor-widget elementor-widget-heading\" data-id=\"6aed8af\" data-element_type=\"widget\" data-e-type=\"widget\" data-widget_type=\"heading.default\">\n\t\t\t\t<div class=\"elementor-widget-container\">\n\t\t\t\t\t<div class=\"elementor-heading-title elementor-size-default\"><a href=\"https:\/\/gygsistemas.com.mx\/index.php\/servicios\/\">Servicios<\/a><\/div>\t\t\t\t<\/div>\n\t\t\t\t<\/div>\n\t\t\t\t<div class=\"elementor-element elementor-element-f5ee7e3 elementor-widget elementor-widget-heading\" data-id=\"f5ee7e3\" data-element_type=\"widget\" data-e-type=\"widget\" data-widget_type=\"heading.default\">\n\t\t\t\t<div class=\"elementor-widget-container\">\n\t\t\t\t\t<div class=\"elementor-heading-title elementor-size-default\"><a href=\"https:\/\/gygsistemas.com.mx\/index.php\/clientes\/\">Clientes<\/a><\/div>\t\t\t\t<\/div>\n\t\t\t\t<\/div>\n\t\t\t\t<div class=\"elementor-element elementor-element-fcc82d2 elementor-widget elementor-widget-heading\" data-id=\"fcc82d2\" data-element_type=\"widget\" data-e-type=\"widget\" data-widget_type=\"heading.default\">\n\t\t\t\t<div class=\"elementor-widget-container\">\n\t\t\t\t\t<div class=\"elementor-heading-title elementor-size-default\"><a href=\"https:\/\/gygsistemas.com.mx\/index.php\/elementor-799\/\">Contacto<\/a><\/div>\t\t\t\t<\/div>\n\t\t\t\t<\/div>\n\t\t\t\t<div class=\"elementor-element elementor-element-7d12e11 elementor-widget elementor-widget-heading\" data-id=\"7d12e11\" data-element_type=\"widget\" data-e-type=\"widget\" data-widget_type=\"heading.default\">\n\t\t\t\t<div class=\"elementor-widget-container\">\n\t\t\t\t\t<div class=\"elementor-heading-title elementor-size-default\"><a href=\"https:\/\/gygsistemas.com.mx\/index.php\/elementor-pagina-1025\/\">Aviso de privacidad<\/a><\/div>\t\t\t\t<\/div>\n\t\t\t\t<\/div>\n\t\t\t\t<\/div>\n\t\t\t\t\t<\/div>\n\t\t<\/div>\n\t\t\t\t<div class=\"elementor-column elementor-col-50 elementor-top-column elementor-element elementor-element-20f4b50\" data-id=\"20f4b50\" data-element_type=\"column\" data-e-type=\"column\">\n\t\t\t<div class=\"elementor-widget-wrap elementor-element-populated\">\n\t\t\t\t\t\t<div class=\"elementor-element elementor-element-52b2bc6 elementor-icon-list--layout-traditional elementor-list-item-link-full_width elementor-widget elementor-widget-icon-list\" data-id=\"52b2bc6\" data-element_type=\"widget\" data-e-type=\"widget\" data-widget_type=\"icon-list.default\">\n\t\t\t\t<div class=\"elementor-widget-container\">\n\t\t\t\t\t\t\t<ul class=\"elementor-icon-list-items\">\n\t\t\t\t\t\t\t<li class=\"elementor-icon-list-item\">\n\t\t\t\t\t\t\t\t\t\t\t<span class=\"elementor-icon-list-icon\">\n\t\t\t\t\t\t\t<svg aria-hidden=\"true\" class=\"e-font-icon-svg e-fas-map-marker-alt\" viewBox=\"0 0 384 512\" xmlns=\"http:\/\/www.w3.org\/2000\/svg\"><path d=\"M172.268 501.67C26.97 291.031 0 269.413 0 192 0 85.961 85.961 0 192 0s192 85.961 192 192c0 77.413-26.97 99.031-172.268 309.67-9.535 13.774-29.93 13.773-39.464 0zM192 272c44.183 0 80-35.817 80-80s-35.817-80-80-80-80 35.817-80 80 35.817 80 80 80z\"><\/path><\/svg>\t\t\t\t\t\t<\/span>\n\t\t\t\t\t\t\t\t\t\t<span class=\"elementor-icon-list-text\">Anillo Perif. 2165-Int 1603, Los Alpes, \u00c1lvaro Obreg\u00f3n, 01010 Ciudad de M\u00e9xico, CDMX<\/span>\n\t\t\t\t\t\t\t\t\t<\/li>\n\t\t\t\t\t\t\t\t<li class=\"elementor-icon-list-item\">\n\t\t\t\t\t\t\t\t\t\t\t<span class=\"elementor-icon-list-icon\">\n\t\t\t\t\t\t\t<svg aria-hidden=\"true\" class=\"e-font-icon-svg e-fas-phone-alt\" viewBox=\"0 0 512 512\" xmlns=\"http:\/\/www.w3.org\/2000\/svg\"><path d=\"M497.39 361.8l-112-48a24 24 0 0 0-28 6.9l-49.6 60.6A370.66 370.66 0 0 1 130.6 204.11l60.6-49.6a23.94 23.94 0 0 0 6.9-28l-48-112A24.16 24.16 0 0 0 122.6.61l-104 24A24 24 0 0 0 0 48c0 256.5 207.9 464 464 464a24 24 0 0 0 23.4-18.6l24-104a24.29 24.29 0 0 0-14.01-27.6z\"><\/path><\/svg>\t\t\t\t\t\t<\/span>\n\t\t\t\t\t\t\t\t\t\t<span class=\"elementor-icon-list-text\">52 (55) 8135 5493 <\/span>\n\t\t\t\t\t\t\t\t\t<\/li>\n\t\t\t\t\t\t\t\t<li class=\"elementor-icon-list-item\">\n\t\t\t\t\t\t\t\t\t\t\t<span class=\"elementor-icon-list-icon\">\n\t\t\t\t\t\t\t<svg aria-hidden=\"true\" class=\"e-font-icon-svg e-fas-envelope\" viewBox=\"0 0 512 512\" xmlns=\"http:\/\/www.w3.org\/2000\/svg\"><path d=\"M502.3 190.8c3.9-3.1 9.7-.2 9.7 4.7V400c0 26.5-21.5 48-48 48H48c-26.5 0-48-21.5-48-48V195.6c0-5 5.7-7.8 9.7-4.7 22.4 17.4 52.1 39.5 154.1 113.6 21.1 15.4 56.7 47.8 92.2 47.6 35.7.3 72-32.8 92.3-47.6 102-74.1 131.6-96.3 154-113.7zM256 320c23.2.4 56.6-29.2 73.4-41.4 132.7-96.3 142.8-104.7 173.4-128.7 5.8-4.5 9.2-11.5 9.2-18.9v-19c0-26.5-21.5-48-48-48H48C21.5 64 0 85.5 0 112v19c0 7.4 3.4 14.3 9.2 18.9 30.6 23.9 40.7 32.4 173.4 128.7 16.8 12.2 50.2 41.8 73.4 41.4z\"><\/path><\/svg>\t\t\t\t\t\t<\/span>\n\t\t\t\t\t\t\t\t\t\t<span class=\"elementor-icon-list-text\">clientes@gygsistemas.com.mx<\/span>\n\t\t\t\t\t\t\t\t\t<\/li>\n\t\t\t\t\t\t<\/ul>\n\t\t\t\t\t\t<\/div>\n\t\t\t\t<\/div>\n\t\t\t\t<div class=\"elementor-element elementor-element-5c1b227 elementor-widget elementor-widget-google_maps\" data-id=\"5c1b227\" data-element_type=\"widget\" data-e-type=\"widget\" data-widget_type=\"google_maps.default\">\n\t\t\t\t<div class=\"elementor-widget-container\">\n\t\t\t\t\t\t\t<div class=\"elementor-custom-embed\">\n\t\t\t<iframe loading=\"lazy\"\n\t\t\t\t\tsrc=\"https:\/\/maps.google.com\/maps?q=yama%20alpes&#038;t=m&#038;z=15&#038;output=embed&#038;iwloc=near\"\n\t\t\t\t\ttitle=\"yama alpes\"\n\t\t\t\t\taria-label=\"yama alpes\"\n\t\t\t><\/iframe>\n\t\t<\/div>\n\t\t\t\t\t\t<\/div>\n\t\t\t\t<\/div>\n\t\t\t\t\t<\/div>\n\t\t<\/div>\n\t\t\t\t\t<\/div>\n\t\t<\/section>\n\t\t\t\t<\/div>\n\t\t","protected":false},"excerpt":{"rendered":"<p>CLIENTES Trabajamos con empresas de diversos sectores que buscan soluciones tecnol\u00f3gicas y de dise\u00f1o a medida para optimizar sus procesos, [&hellip;]<\/p>\n","protected":false},"author":1,"featured_media":0,"parent":0,"menu_order":0,"comment_status":"closed","ping_status":"closed","template":"","meta":{"_uag_custom_page_level_css":"","site-sidebar-layout":"default","site-content-layout":"","ast-site-content-layout":"full-width-container","site-content-style":"default","site-sidebar-style":"default","ast-global-header-display":"","ast-banner-title-visibility":"","ast-main-header-display":"","ast-hfb-above-header-display":"","ast-hfb-below-header-display":"","ast-hfb-mobile-header-display":"","site-post-title":"disabled","ast-breadcrumbs-content":"","ast-featured-img":"","footer-sml-layout":"","theme-transparent-header-meta":"","adv-header-id-meta":"","stick-header-meta":"","header-above-stick-meta":"","header-main-stick-meta":"","header-below-stick-meta":"","astra-migrate-meta-layouts":"default","ast-page-background-enabled":"default","ast-page-background-meta":{"desktop":{"background-color":"var(--ast-global-color-5)","background-image":"","background-repeat":"repeat","background-position":"center center","background-size":"auto","background-attachment":"scroll","background-type":"","background-media":"","overlay-type":"","overlay-color":"","overlay-opacity":"","overlay-gradient":""},"tablet":{"background-color":"","background-image":"","background-repeat":"repeat","background-position":"center center","background-size":"auto","background-attachment":"scroll","background-type":"","background-media":"","overlay-type":"","overlay-color":"","overlay-opacity":"","overlay-gradient":""},"mobile":{"background-color":"","background-image":"","background-repeat":"repeat","background-position":"center center","background-size":"auto","background-attachment":"scroll","background-type":"","background-media":"","overlay-type":"","overlay-color":"","overlay-opacity":"","overlay-gradient":""}},"ast-content-background-meta":{"desktop":{"background-color":"var(--ast-global-color-4)","background-image":"","background-repeat":"repeat","background-position":"center center","background-size":"auto","background-attachment":"scroll","background-type":"","background-media":"","overlay-type":"","overlay-color":"","overlay-opacity":"","overlay-gradient":""},"tablet":{"background-color":"var(--ast-global-color-4)","background-image":"","background-repeat":"repeat","background-position":"center center","background-size":"auto","background-attachment":"scroll","background-type":"","background-media":"","overlay-type":"","overlay-color":"","overlay-opacity":"","overlay-gradient":""},"mobile":{"background-color":"var(--ast-global-color-4)","background-image":"","background-repeat":"repeat","background-position":"center center","background-size":"auto","background-attachment":"scroll","background-type":"","background-media":"","overlay-type":"","overlay-color":"","overlay-opacity":"","overlay-gradient":""}},"footnotes":""},"class_list":["post-217","page","type-page","status-publish","hentry"],"uagb_featured_image_src":{"full":false,"thumbnail":false,"medium":false,"medium_large":false,"large":false,"1536x1536":false,"2048x2048":false},"uagb_author_info":{"display_name":"admin","author_link":"https:\/\/gygsistemas.com.mx\/index.php\/author\/admingyg\/"},"uagb_comment_info":0,"uagb_excerpt":"CLIENTES Trabajamos con empresas de diversos sectores que buscan soluciones tecnol\u00f3gicas y de dise\u00f1o a medida para optimizar sus procesos, [&hellip;]","_links":{"self":[{"href":"https:\/\/gygsistemas.com.mx\/index.php\/wp-json\/wp\/v2\/pages\/217","targetHints":{"allow":["GET"]}}],"collection":[{"href":"https:\/\/gygsistemas.com.mx\/index.php\/wp-json\/wp\/v2\/pages"}],"about":[{"href":"https:\/\/gygsistemas.com.mx\/index.php\/wp-json\/wp\/v2\/types\/page"}],"author":[{"embeddable":true,"href":"https:\/\/gygsistemas.com.mx\/index.php\/wp-json\/wp\/v2\/users\/1"}],"replies":[{"embeddable":true,"href":"https:\/\/gygsistemas.com.mx\/index.php\/wp-json\/wp\/v2\/comments?post=217"}],"version-history":[{"count":70,"href":"https:\/\/gygsistemas.com.mx\/index.php\/wp-json\/wp\/v2\/pages\/217\/revisions"}],"predecessor-version":[{"id":1089,"href":"https:\/\/gygsistemas.com.mx\/index.php\/wp-json\/wp\/v2\/pages\/217\/revisions\/1089"}],"wp:attachment":[{"href":"https:\/\/gygsistemas.com.mx\/index.php\/wp-json\/wp\/v2\/media?parent=217"}],"curies":[{"name":"wp","href":"https:\/\/api.w.org\/{rel}","templated":true}]}}