{"id":114,"date":"2025-06-26T22:41:44","date_gmt":"2025-06-26T22:41:44","guid":{"rendered":"https:\/\/gygsistemas.com.mx\/?page_id=114"},"modified":"2026-04-09T18:02:52","modified_gmt":"2026-04-09T18:02:52","slug":"servicios","status":"publish","type":"page","link":"https:\/\/gygsistemas.com.mx\/index.php\/servicios\/","title":{"rendered":"Servicios"},"content":{"rendered":"\t\t<div data-elementor-type=\"wp-page\" data-elementor-id=\"114\" class=\"elementor elementor-114\">\n\t\t\t\t<div class=\"elementor-element elementor-element-iijxffy e-flex e-con-boxed e-con e-parent\" data-id=\"iijxffy\" data-element_type=\"container\" data-e-type=\"container\" data-settings=\"{&quot;background_background&quot;:&quot;classic&quot;}\">\n\t\t\t\t\t<div class=\"e-con-inner\">\n\t\t\t\t<div class=\"elementor-element elementor-element-7c39176 elementor-widget elementor-widget-hfe-infocard\" data-id=\"7c39176\" data-element_type=\"widget\" data-e-type=\"widget\" data-widget_type=\"hfe-infocard.default\">\n\t\t\t\t<div class=\"elementor-widget-container\">\n\t\t\t\t\t\n\t\t<div class=\"hfe-infocard\">\n\t\t\t\t\t\t\t\t\t<div class=\"hfe-infocard-title-wrap\">\n\t\t\t\t<h1 class=\"hfe-infocard-title elementor-inline-editing\" data-elementor-setting-key=\"infocard_title\" data-elementor-inline-editing-toolbar=\"basic\" >Servicios<\/h1>\t\t\t<\/div>\n\t\t\t\t\t\t<div class=\"hfe-infocard-text-wrap\">\n\t\t\t\t<div class=\"hfe-infocard-text elementor-inline-editing\" data-elementor-setting-key=\"infocard_description\" data-elementor-inline-editing-toolbar=\"advanced\">\n\t\t\t\t\t<p>Optimizar procesos, mejorar la productividad y adaptarnos a las necesidades espec\u00edficas de cada cliente.<\/p>\t\t\t\t<\/div>\n\t\t\t\t\t\t\t<\/div>\n\t\t<\/div>\n\n\t\t\t\t\t\t<\/div>\n\t\t\t\t<\/div>\n\t\t<div class=\"elementor-element elementor-element-37759f7 e-con-full e-flex e-con e-child\" data-id=\"37759f7\" data-element_type=\"container\" data-e-type=\"container\">\n\t\t\t\t<div class=\"elementor-element elementor-element-730860b elementor-widget elementor-widget-image\" data-id=\"730860b\" data-element_type=\"widget\" data-e-type=\"widget\" data-widget_type=\"image.default\">\n\t\t\t\t<div class=\"elementor-widget-container\">\n\t\t\t\t\t\t\t\t\t\t\t\t\t\t\t<img fetchpriority=\"high\" decoding=\"async\" width=\"1024\" height=\"995\" src=\"https:\/\/gygsistemas.com.mx\/wp-content\/uploads\/2026\/04\/Recurso-14LOGO-BN-2-1024x995.png\" class=\"attachment-large size-large wp-image-1074\" alt=\"\" srcset=\"https:\/\/gygsistemas.com.mx\/wp-content\/uploads\/2026\/04\/Recurso-14LOGO-BN-2-1024x995.png 1024w, https:\/\/gygsistemas.com.mx\/wp-content\/uploads\/2026\/04\/Recurso-14LOGO-BN-2-300x292.png 300w, https:\/\/gygsistemas.com.mx\/wp-content\/uploads\/2026\/04\/Recurso-14LOGO-BN-2-768x747.png 768w, https:\/\/gygsistemas.com.mx\/wp-content\/uploads\/2026\/04\/Recurso-14LOGO-BN-2.png 1184w\" sizes=\"(max-width: 1024px) 100vw, 1024px\" \/>\t\t\t\t\t\t\t\t\t\t\t\t\t\t\t<\/div>\n\t\t\t\t<\/div>\n\t\t\t\t<\/div>\n\t\t\t\t\t<\/div>\n\t\t\t\t<\/div>\n\t\t<div class=\"elementor-element elementor-element-4932b9e e-grid e-con-boxed e-con e-parent\" data-id=\"4932b9e\" data-element_type=\"container\" data-e-type=\"container\" data-settings=\"{&quot;background_background&quot;:&quot;classic&quot;}\">\n\t\t\t\t\t<div class=\"e-con-inner\">\n\t\t\t\t<div class=\"elementor-element elementor-element-a8c4892 elementor-widget elementor-widget-text-editor\" data-id=\"a8c4892\" data-element_type=\"widget\" data-e-type=\"widget\" data-widget_type=\"text-editor.default\">\n\t\t\t\t<div class=\"elementor-widget-container\">\n\t\t\t\t\t\t\t\t\t<p><strong>\u00a0<\/strong><\/p>\n<p><strong>Ingenier\u00eda y Anal\u00edtica de Datos<\/strong><\/p>\n<ul>\n<li>Especializaci\u00f3n en dise\u00f1o e implementaci\u00f3n de soluciones de integraci\u00f3n, transformaci\u00f3n y explotaci\u00f3n de datos para grandes vol\u00famenes de informaci\u00f3n.<\/li>\n<li>Desarrollo de Ingenier\u00eda de Datos en entornos Data Lake.<\/li>\n<li>Implementaci\u00f3n y orquestaci\u00f3n de procesos con Data Factory.<\/li>\n<li>Procesamiento distribuido mediante plataformas Databricks.<\/li>\n<li>Modelado de datos conforme a arquitectura definida.<\/li>\n<li>Integraci\u00f3n y consolidaci\u00f3n de fuentes de informaci\u00f3n.<\/li>\n<li>Reingenier\u00eda de procesos orientados a explotaci\u00f3n anal\u00edtica.<\/li>\n<li>Optimizaci\u00f3n de rendimiento y calidad de datos.<br \/><br \/><\/li>\n<\/ul>\t\t\t\t\t\t\t\t<\/div>\n\t\t\t\t<\/div>\n\t\t\t\t<div class=\"elementor-element elementor-element-26a4afd elementor-widget elementor-widget-image\" data-id=\"26a4afd\" data-element_type=\"widget\" data-e-type=\"widget\" data-widget_type=\"image.default\">\n\t\t\t\t<div class=\"elementor-widget-container\">\n\t\t\t\t\t\t\t\t\t\t\t\t\t\t\t<img decoding=\"async\" width=\"538\" height=\"530\" src=\"https:\/\/gygsistemas.com.mx\/wp-content\/uploads\/2026\/04\/Recurso-8LOGO-BN-2.png\" class=\"attachment-large size-large wp-image-1053\" alt=\"\" srcset=\"https:\/\/gygsistemas.com.mx\/wp-content\/uploads\/2026\/04\/Recurso-8LOGO-BN-2.png 538w, https:\/\/gygsistemas.com.mx\/wp-content\/uploads\/2026\/04\/Recurso-8LOGO-BN-2-300x296.png 300w\" sizes=\"(max-width: 538px) 100vw, 538px\" \/>\t\t\t\t\t\t\t\t\t\t\t\t\t\t\t<\/div>\n\t\t\t\t<\/div>\n\t\t\t\t\t<\/div>\n\t\t\t\t<\/div>\n\t\t<div class=\"elementor-element elementor-element-d8c4ccc e-grid e-con-boxed e-con e-child\" data-id=\"d8c4ccc\" data-element_type=\"container\" data-e-type=\"container\">\n\t\t\t\t\t<div class=\"e-con-inner\">\n\t\t\t\t<div class=\"elementor-element elementor-element-89e196b elementor-widget elementor-widget-image\" data-id=\"89e196b\" data-element_type=\"widget\" data-e-type=\"widget\" data-widget_type=\"image.default\">\n\t\t\t\t<div class=\"elementor-widget-container\">\n\t\t\t\t\t\t\t\t\t\t\t\t\t\t\t<img decoding=\"async\" width=\"539\" height=\"530\" src=\"https:\/\/gygsistemas.com.mx\/wp-content\/uploads\/2026\/04\/Recurso-11LOGO-BN-2.png\" class=\"attachment-large size-large wp-image-1056\" alt=\"\" srcset=\"https:\/\/gygsistemas.com.mx\/wp-content\/uploads\/2026\/04\/Recurso-11LOGO-BN-2.png 539w, https:\/\/gygsistemas.com.mx\/wp-content\/uploads\/2026\/04\/Recurso-11LOGO-BN-2-300x295.png 300w\" sizes=\"(max-width: 539px) 100vw, 539px\" \/>\t\t\t\t\t\t\t\t\t\t\t\t\t\t\t<\/div>\n\t\t\t\t<\/div>\n\t\t\t\t<div class=\"elementor-element elementor-element-68e746b elementor-widget elementor-widget-text-editor\" data-id=\"68e746b\" data-element_type=\"widget\" data-e-type=\"widget\" data-widget_type=\"text-editor.default\">\n\t\t\t\t<div class=\"elementor-widget-container\">\n\t\t\t\t\t\t\t\t\t<p><strong>Dise\u00f1o y Desarrollo Digital<\/strong><\/p><ul><li>Dise\u00f1o y desarrollo integral de sitios web (Front-End y Back-End).<\/li><li>Gesti\u00f3n de dominios y hosting.<\/li><li>Implementaci\u00f3n de medidas de seguridad web.<\/li><li>Dise\u00f1o gr\u00e1fico corporativo e identidad institucional.<\/li><li>Desarrollo de materiales digitales e impresos.<\/li><li>Dise\u00f1o para plataformas digitales y redes sociales<\/li><\/ul>\t\t\t\t\t\t\t\t<\/div>\n\t\t\t\t<\/div>\n\t\t\t\t\t<\/div>\n\t\t\t\t<\/div>\n\t\t<div class=\"elementor-element elementor-element-119bd57 e-grid e-con-boxed e-con e-parent\" data-id=\"119bd57\" data-element_type=\"container\" data-e-type=\"container\" data-settings=\"{&quot;background_background&quot;:&quot;classic&quot;}\">\n\t\t\t\t\t<div class=\"e-con-inner\">\n\t\t\t\t<div class=\"elementor-element elementor-element-9c6b2c0 elementor-widget elementor-widget-text-editor\" data-id=\"9c6b2c0\" data-element_type=\"widget\" data-e-type=\"widget\" data-widget_type=\"text-editor.default\">\n\t\t\t\t<div class=\"elementor-widget-container\">\n\t\t\t\t\t\t\t\t\t<p><strong>Telecomunicaciones e Infraestructura<\/strong><\/p><ul><li>Instalaci\u00f3n, mantenimiento y administraci\u00f3n de redes.<\/li><li>Estudios de cobertura y an\u00e1lisis de interferencias.<\/li><li>Instalaci\u00f3n y mantenimiento de repetidores y equipos especializados.<\/li><li>Comisionado y puesta en operaci\u00f3n.<\/li><li>Servicios de mesa de ayuda (Help Desk).<\/li><li>Diagn\u00f3stico y soluci\u00f3n de incidencias t\u00e9cnicas.<\/li><\/ul>\t\t\t\t\t\t\t\t<\/div>\n\t\t\t\t<\/div>\n\t\t\t\t<div class=\"elementor-element elementor-element-fb6f509 elementor-widget elementor-widget-image\" data-id=\"fb6f509\" data-element_type=\"widget\" data-e-type=\"widget\" data-widget_type=\"image.default\">\n\t\t\t\t<div class=\"elementor-widget-container\">\n\t\t\t\t\t\t\t\t\t\t\t\t\t\t\t<img loading=\"lazy\" decoding=\"async\" width=\"539\" height=\"530\" src=\"https:\/\/gygsistemas.com.mx\/wp-content\/uploads\/2026\/04\/Recurso-10LOGO-BN-2.png\" class=\"attachment-large size-large wp-image-1055\" alt=\"\" srcset=\"https:\/\/gygsistemas.com.mx\/wp-content\/uploads\/2026\/04\/Recurso-10LOGO-BN-2.png 539w, https:\/\/gygsistemas.com.mx\/wp-content\/uploads\/2026\/04\/Recurso-10LOGO-BN-2-300x295.png 300w\" sizes=\"(max-width: 539px) 100vw, 539px\" \/>\t\t\t\t\t\t\t\t\t\t\t\t\t\t\t<\/div>\n\t\t\t\t<\/div>\n\t\t\t\t\t<\/div>\n\t\t\t\t<\/div>\n\t\t<div class=\"elementor-element elementor-element-4c8f56c e-grid e-con-boxed e-con e-child\" data-id=\"4c8f56c\" data-element_type=\"container\" data-e-type=\"container\">\n\t\t\t\t\t<div class=\"e-con-inner\">\n\t\t\t\t<div class=\"elementor-element elementor-element-8decaab elementor-widget elementor-widget-image\" data-id=\"8decaab\" data-element_type=\"widget\" data-e-type=\"widget\" data-widget_type=\"image.default\">\n\t\t\t\t<div class=\"elementor-widget-container\">\n\t\t\t\t\t\t\t\t\t\t\t\t\t\t\t<img loading=\"lazy\" decoding=\"async\" width=\"543\" height=\"530\" src=\"https:\/\/gygsistemas.com.mx\/wp-content\/uploads\/2026\/04\/Recurso-12LOGO-BN-2.png\" class=\"attachment-large size-large wp-image-1057\" alt=\"\" srcset=\"https:\/\/gygsistemas.com.mx\/wp-content\/uploads\/2026\/04\/Recurso-12LOGO-BN-2.png 543w, https:\/\/gygsistemas.com.mx\/wp-content\/uploads\/2026\/04\/Recurso-12LOGO-BN-2-300x293.png 300w\" sizes=\"(max-width: 543px) 100vw, 543px\" \/>\t\t\t\t\t\t\t\t\t\t\t\t\t\t\t<\/div>\n\t\t\t\t<\/div>\n\t\t\t\t<div class=\"elementor-element elementor-element-b047652 elementor-widget elementor-widget-text-editor\" data-id=\"b047652\" data-element_type=\"widget\" data-e-type=\"widget\" data-widget_type=\"text-editor.default\">\n\t\t\t\t<div class=\"elementor-widget-container\">\n\t\t\t\t\t\t\t\t\t<p><strong>\u00a0<\/strong><\/p>\n<p><strong>Asistencia Tecnol\u00f3gica y Soporte Especializado<\/strong><\/p>\n<p>Brindamos servicios integrales de asistencia tecnol\u00f3gica y soporte especializado, orientados a garantizar la continuidad operativa, la optimizaci\u00f3n del desempe\u00f1o de las plataformas tecnol\u00f3gicas y la generaci\u00f3n de valor a trav\u00e9s del uso estrat\u00e9gico de la informaci\u00f3n.<\/p>\n<ul>\n<li>Soporte especializado en soluciones de <strong>Business Intelligence (BI)<\/strong>, incluyendo modelado de datos, construcci\u00f3n de tableros ejecutivos, explotaci\u00f3n de informaci\u00f3n y soporte a usuarios estrat\u00e9gicos.<\/li>\n<li>Administraci\u00f3n y soporte de plataformas de anal\u00edtica avanzada y procesamiento masivo de datos, incluyendo <strong>Databricks<\/strong>, <strong>arquitecturas Big Data<\/strong> y <strong>entornos basados en la nube<\/strong>.<\/li>\n<li>Implementaci\u00f3n y acompa\u00f1amiento en la adopci\u00f3n de <strong>nuevas Tecnolog\u00edas de la Informaci\u00f3n<\/strong>, tales como anal\u00edtica avanzada, automatizaci\u00f3n de procesos, inteligencia artificial y modernizaci\u00f3n de ecosistemas tecnol\u00f3gicos.<\/li>\n<li>Definici\u00f3n e implementaci\u00f3n de estrategias de seguridad inform\u00e1tica, gobierno de datos y continuidad operativa.<\/li>\n<li>Gesti\u00f3n de identidades, accesos y perfiles de usuario bajo esquemas de control, auditor\u00eda y cumplimiento normativo.<\/li>\n<li>Aplicaci\u00f3n de mejores pr\u00e1cticas <strong>ITIL v4, Scrum Master, DevOps,<\/strong> gesti\u00f3n de cambios y gobierno de datos.<\/li>\n<\/ul>\n<p>Este enfoque permite a las organizaciones fortalecer su operaci\u00f3n tecnol\u00f3gica, reducir riesgos, mejorar la toma de decisiones basada en datos y acelerar procesos de transformaci\u00f3n digital.<br \/><br \/><\/p>\t\t\t\t\t\t\t\t<\/div>\n\t\t\t\t<\/div>\n\t\t\t\t\t<\/div>\n\t\t\t\t<\/div>\n\t\t<div class=\"elementor-element elementor-element-398dde5 e-grid e-con-boxed e-con e-parent\" data-id=\"398dde5\" data-element_type=\"container\" data-e-type=\"container\" data-settings=\"{&quot;background_background&quot;:&quot;classic&quot;}\">\n\t\t\t\t\t<div class=\"e-con-inner\">\n\t\t\t\t<div class=\"elementor-element elementor-element-1e8b36e elementor-widget elementor-widget-text-editor\" data-id=\"1e8b36e\" data-element_type=\"widget\" data-e-type=\"widget\" data-widget_type=\"text-editor.default\">\n\t\t\t\t<div class=\"elementor-widget-container\">\n\t\t\t\t\t\t\t\t\t<p><strong>Capacitaci\u00f3n Tecnol\u00f3gica<\/strong><\/p><ul><li>Excel especializado.<\/li><li>Herramientas Adobe.<\/li><li>Programaci\u00f3n b\u00e1sica.<\/li><li>Desarrollo web con WordPress.<\/li><\/ul>\t\t\t\t\t\t\t\t<\/div>\n\t\t\t\t<\/div>\n\t\t\t\t<div class=\"elementor-element elementor-element-9cad851 elementor-widget elementor-widget-image\" data-id=\"9cad851\" data-element_type=\"widget\" data-e-type=\"widget\" data-widget_type=\"image.default\">\n\t\t\t\t<div class=\"elementor-widget-container\">\n\t\t\t\t\t\t\t\t\t\t\t\t\t\t\t<img loading=\"lazy\" decoding=\"async\" width=\"539\" height=\"530\" src=\"https:\/\/gygsistemas.com.mx\/wp-content\/uploads\/2026\/04\/Recurso-9LOGO-BN-2.png\" class=\"attachment-large size-large wp-image-1054\" alt=\"\" srcset=\"https:\/\/gygsistemas.com.mx\/wp-content\/uploads\/2026\/04\/Recurso-9LOGO-BN-2.png 539w, https:\/\/gygsistemas.com.mx\/wp-content\/uploads\/2026\/04\/Recurso-9LOGO-BN-2-300x295.png 300w\" sizes=\"(max-width: 539px) 100vw, 539px\" \/>\t\t\t\t\t\t\t\t\t\t\t\t\t\t\t<\/div>\n\t\t\t\t<\/div>\n\t\t\t\t\t<\/div>\n\t\t\t\t<\/div>\n\t\t\t\t<section class=\"elementor-section elementor-top-section elementor-element elementor-element-9934cc8 elementor-section-content-middle elementor-section-boxed elementor-section-height-default elementor-section-height-default\" data-id=\"9934cc8\" data-element_type=\"section\" data-e-type=\"section\" data-settings=\"{&quot;background_background&quot;:&quot;classic&quot;}\">\n\t\t\t\t\t\t\t<div class=\"elementor-background-overlay\"><\/div>\n\t\t\t\t\t\t\t<div class=\"elementor-container elementor-column-gap-no\">\n\t\t\t\t\t<div class=\"elementor-column elementor-col-50 elementor-top-column elementor-element elementor-element-6850f6f\" data-id=\"6850f6f\" data-element_type=\"column\" data-e-type=\"column\" data-settings=\"{&quot;background_background&quot;:&quot;classic&quot;}\">\n\t\t\t<div class=\"elementor-widget-wrap elementor-element-populated\">\n\t\t\t\t\t\t<div class=\"elementor-element elementor-element-6618b32 elementor-widget elementor-widget-heading\" data-id=\"6618b32\" data-element_type=\"widget\" data-e-type=\"widget\" data-widget_type=\"heading.default\">\n\t\t\t\t<div class=\"elementor-widget-container\">\n\t\t\t\t\t<h2 class=\"elementor-heading-title elementor-size-default\">GyG Sistemas a la medida<\/h2>\t\t\t\t<\/div>\n\t\t\t\t<\/div>\n\t\t\t\t<div class=\"elementor-element elementor-element-e1c947d elementor-widget__width-initial elementor-widget elementor-widget-hfe-infocard\" data-id=\"e1c947d\" data-element_type=\"widget\" data-e-type=\"widget\" data-widget_type=\"hfe-infocard.default\">\n\t\t\t\t<div class=\"elementor-widget-container\">\n\t\t\t\t\t\n\t\t<div class=\"hfe-infocard\">\n\t\t\t\t\t\t\t\t\t<div class=\"hfe-infocard-text-wrap\">\n\t\t\t\t<div class=\"hfe-infocard-text elementor-inline-editing\" data-elementor-setting-key=\"infocard_description\" data-elementor-inline-editing-toolbar=\"advanced\">\n\t\t\t\t\t<p>En GYG Sistemas desarrollamos soluciones tecnol\u00f3gicas mediante la prestaci\u00f3n de servicios t\u00e9cnicos profesionales, de consultor\u00eda en sistemas, comercializaci\u00f3n de negocios inform\u00e1ticos, que optimizan tus procesos y tu negocio.<\/p>\t\t\t\t<\/div>\n\t\t\t\t\t\t\t<\/div>\n\t\t<\/div>\n\n\t\t\t\t\t\t<\/div>\n\t\t\t\t<\/div>\n\t\t\t\t<div class=\"elementor-element elementor-element-2531a34 elementor-widget elementor-widget-heading\" data-id=\"2531a34\" data-element_type=\"widget\" data-e-type=\"widget\" data-widget_type=\"heading.default\">\n\t\t\t\t<div class=\"elementor-widget-container\">\n\t\t\t\t\t<h3 class=\"elementor-heading-title elementor-size-default\">Secciones<\/h3>\t\t\t\t<\/div>\n\t\t\t\t<\/div>\n\t\t<div class=\"elementor-element elementor-element-d336d82 e-grid e-con-full e-con e-parent\" data-id=\"d336d82\" data-element_type=\"container\" data-e-type=\"container\">\n\t\t\t\t<div class=\"elementor-element elementor-element-aa3606b elementor-widget elementor-widget-heading\" data-id=\"aa3606b\" data-element_type=\"widget\" data-e-type=\"widget\" data-widget_type=\"heading.default\">\n\t\t\t\t<div class=\"elementor-widget-container\">\n\t\t\t\t\t<div class=\"elementor-heading-title elementor-size-default\"><a href=\"https:\/\/gygsistemas.com.mx\/\">Inicio<\/a><\/div>\t\t\t\t<\/div>\n\t\t\t\t<\/div>\n\t\t\t\t<div class=\"elementor-element elementor-element-bed3758 elementor-widget elementor-widget-heading\" data-id=\"bed3758\" data-element_type=\"widget\" data-e-type=\"widget\" data-widget_type=\"heading.default\">\n\t\t\t\t<div class=\"elementor-widget-container\">\n\t\t\t\t\t<div class=\"elementor-heading-title elementor-size-default\"><a href=\"https:\/\/gygsistemas.com.mx\/index.php\/servicios\/\">Servicios<\/a><\/div>\t\t\t\t<\/div>\n\t\t\t\t<\/div>\n\t\t\t\t<div class=\"elementor-element elementor-element-0b3bdc3 elementor-widget elementor-widget-heading\" data-id=\"0b3bdc3\" data-element_type=\"widget\" data-e-type=\"widget\" data-widget_type=\"heading.default\">\n\t\t\t\t<div class=\"elementor-widget-container\">\n\t\t\t\t\t<div class=\"elementor-heading-title elementor-size-default\"><a href=\"https:\/\/gygsistemas.com.mx\/index.php\/clientes\/\">Clientes<\/a><\/div>\t\t\t\t<\/div>\n\t\t\t\t<\/div>\n\t\t\t\t<div class=\"elementor-element elementor-element-73092b8 elementor-widget elementor-widget-heading\" data-id=\"73092b8\" data-element_type=\"widget\" data-e-type=\"widget\" data-widget_type=\"heading.default\">\n\t\t\t\t<div class=\"elementor-widget-container\">\n\t\t\t\t\t<div class=\"elementor-heading-title elementor-size-default\"><a href=\"https:\/\/gygsistemas.com.mx\/index.php\/elementor-799\/\">Contacto<\/a><\/div>\t\t\t\t<\/div>\n\t\t\t\t<\/div>\n\t\t\t\t<div class=\"elementor-element elementor-element-844787c elementor-widget elementor-widget-heading\" data-id=\"844787c\" data-element_type=\"widget\" data-e-type=\"widget\" data-widget_type=\"heading.default\">\n\t\t\t\t<div class=\"elementor-widget-container\">\n\t\t\t\t\t<div class=\"elementor-heading-title elementor-size-default\"><a href=\"https:\/\/gygsistemas.com.mx\/index.php\/elementor-pagina-1025\/\">Aviso de privacidad<\/a><\/div>\t\t\t\t<\/div>\n\t\t\t\t<\/div>\n\t\t\t\t<\/div>\n\t\t\t\t\t<\/div>\n\t\t<\/div>\n\t\t\t\t<div class=\"elementor-column elementor-col-50 elementor-top-column elementor-element elementor-element-2f207ea\" data-id=\"2f207ea\" data-element_type=\"column\" data-e-type=\"column\">\n\t\t\t<div class=\"elementor-widget-wrap elementor-element-populated\">\n\t\t\t\t\t\t<div class=\"elementor-element elementor-element-53a0961 elementor-icon-list--layout-traditional elementor-list-item-link-full_width elementor-widget elementor-widget-icon-list\" data-id=\"53a0961\" data-element_type=\"widget\" data-e-type=\"widget\" data-widget_type=\"icon-list.default\">\n\t\t\t\t<div class=\"elementor-widget-container\">\n\t\t\t\t\t\t\t<ul class=\"elementor-icon-list-items\">\n\t\t\t\t\t\t\t<li class=\"elementor-icon-list-item\">\n\t\t\t\t\t\t\t\t\t\t\t<span class=\"elementor-icon-list-icon\">\n\t\t\t\t\t\t\t<svg aria-hidden=\"true\" class=\"e-font-icon-svg e-fas-map-marker-alt\" viewBox=\"0 0 384 512\" xmlns=\"http:\/\/www.w3.org\/2000\/svg\"><path d=\"M172.268 501.67C26.97 291.031 0 269.413 0 192 0 85.961 85.961 0 192 0s192 85.961 192 192c0 77.413-26.97 99.031-172.268 309.67-9.535 13.774-29.93 13.773-39.464 0zM192 272c44.183 0 80-35.817 80-80s-35.817-80-80-80-80 35.817-80 80 35.817 80 80 80z\"><\/path><\/svg>\t\t\t\t\t\t<\/span>\n\t\t\t\t\t\t\t\t\t\t<span class=\"elementor-icon-list-text\">Anillo Perif. 2165-Int 1603, Los Alpes, \u00c1lvaro Obreg\u00f3n, 01010 Ciudad de M\u00e9xico, CDMX<\/span>\n\t\t\t\t\t\t\t\t\t<\/li>\n\t\t\t\t\t\t\t\t<li class=\"elementor-icon-list-item\">\n\t\t\t\t\t\t\t\t\t\t\t<span class=\"elementor-icon-list-icon\">\n\t\t\t\t\t\t\t<svg aria-hidden=\"true\" class=\"e-font-icon-svg e-fas-phone-alt\" viewBox=\"0 0 512 512\" xmlns=\"http:\/\/www.w3.org\/2000\/svg\"><path d=\"M497.39 361.8l-112-48a24 24 0 0 0-28 6.9l-49.6 60.6A370.66 370.66 0 0 1 130.6 204.11l60.6-49.6a23.94 23.94 0 0 0 6.9-28l-48-112A24.16 24.16 0 0 0 122.6.61l-104 24A24 24 0 0 0 0 48c0 256.5 207.9 464 464 464a24 24 0 0 0 23.4-18.6l24-104a24.29 24.29 0 0 0-14.01-27.6z\"><\/path><\/svg>\t\t\t\t\t\t<\/span>\n\t\t\t\t\t\t\t\t\t\t<span class=\"elementor-icon-list-text\">52 (55) 8135 5493 <\/span>\n\t\t\t\t\t\t\t\t\t<\/li>\n\t\t\t\t\t\t\t\t<li class=\"elementor-icon-list-item\">\n\t\t\t\t\t\t\t\t\t\t\t<span class=\"elementor-icon-list-icon\">\n\t\t\t\t\t\t\t<svg aria-hidden=\"true\" class=\"e-font-icon-svg e-fas-envelope\" viewBox=\"0 0 512 512\" xmlns=\"http:\/\/www.w3.org\/2000\/svg\"><path d=\"M502.3 190.8c3.9-3.1 9.7-.2 9.7 4.7V400c0 26.5-21.5 48-48 48H48c-26.5 0-48-21.5-48-48V195.6c0-5 5.7-7.8 9.7-4.7 22.4 17.4 52.1 39.5 154.1 113.6 21.1 15.4 56.7 47.8 92.2 47.6 35.7.3 72-32.8 92.3-47.6 102-74.1 131.6-96.3 154-113.7zM256 320c23.2.4 56.6-29.2 73.4-41.4 132.7-96.3 142.8-104.7 173.4-128.7 5.8-4.5 9.2-11.5 9.2-18.9v-19c0-26.5-21.5-48-48-48H48C21.5 64 0 85.5 0 112v19c0 7.4 3.4 14.3 9.2 18.9 30.6 23.9 40.7 32.4 173.4 128.7 16.8 12.2 50.2 41.8 73.4 41.4z\"><\/path><\/svg>\t\t\t\t\t\t<\/span>\n\t\t\t\t\t\t\t\t\t\t<span class=\"elementor-icon-list-text\">clientes@gygsistemas.com.mx<\/span>\n\t\t\t\t\t\t\t\t\t<\/li>\n\t\t\t\t\t\t<\/ul>\n\t\t\t\t\t\t<\/div>\n\t\t\t\t<\/div>\n\t\t\t\t<div class=\"elementor-element elementor-element-c429a57 elementor-widget elementor-widget-google_maps\" data-id=\"c429a57\" data-element_type=\"widget\" data-e-type=\"widget\" data-widget_type=\"google_maps.default\">\n\t\t\t\t<div class=\"elementor-widget-container\">\n\t\t\t\t\t\t\t<div class=\"elementor-custom-embed\">\n\t\t\t<iframe loading=\"lazy\"\n\t\t\t\t\tsrc=\"https:\/\/maps.google.com\/maps?q=yama%20alpes&#038;t=m&#038;z=15&#038;output=embed&#038;iwloc=near\"\n\t\t\t\t\ttitle=\"yama alpes\"\n\t\t\t\t\taria-label=\"yama alpes\"\n\t\t\t><\/iframe>\n\t\t<\/div>\n\t\t\t\t\t\t<\/div>\n\t\t\t\t<\/div>\n\t\t\t\t\t<\/div>\n\t\t<\/div>\n\t\t\t\t\t<\/div>\n\t\t<\/section>\n\t\t\t\t<\/div>\n\t\t","protected":false},"excerpt":{"rendered":"<p>Servicios Optimizar procesos, mejorar la productividad y adaptarnos a las necesidades espec\u00edficas de cada cliente. \u00a0 Ingenier\u00eda y Anal\u00edtica de [&hellip;]<\/p>\n","protected":false},"author":1,"featured_media":0,"parent":0,"menu_order":0,"comment_status":"closed","ping_status":"closed","template":"","meta":{"_uag_custom_page_level_css":"","site-sidebar-layout":"default","site-content-layout":"","ast-site-content-layout":"full-width-container","site-content-style":"default","site-sidebar-style":"default","ast-global-header-display":"","ast-banner-title-visibility":"","ast-main-header-display":"","ast-hfb-above-header-display":"","ast-hfb-below-header-display":"","ast-hfb-mobile-header-display":"","site-post-title":"disabled","ast-breadcrumbs-content":"","ast-featured-img":"","footer-sml-layout":"","theme-transparent-header-meta":"","adv-header-id-meta":"","stick-header-meta":"","header-above-stick-meta":"","header-main-stick-meta":"","header-below-stick-meta":"","astra-migrate-meta-layouts":"default","ast-page-background-enabled":"default","ast-page-background-meta":{"desktop":{"background-color":"var(--ast-global-color-5)","background-image":"","background-repeat":"repeat","background-position":"center center","background-size":"auto","background-attachment":"scroll","background-type":"","background-media":"","overlay-type":"","overlay-color":"","overlay-opacity":"","overlay-gradient":""},"tablet":{"background-color":"","background-image":"","background-repeat":"repeat","background-position":"center center","background-size":"auto","background-attachment":"scroll","background-type":"","background-media":"","overlay-type":"","overlay-color":"","overlay-opacity":"","overlay-gradient":""},"mobile":{"background-color":"","background-image":"","background-repeat":"repeat","background-position":"center center","background-size":"auto","background-attachment":"scroll","background-type":"","background-media":"","overlay-type":"","overlay-color":"","overlay-opacity":"","overlay-gradient":""}},"ast-content-background-meta":{"desktop":{"background-color":"var(--ast-global-color-4)","background-image":"","background-repeat":"repeat","background-position":"center center","background-size":"auto","background-attachment":"scroll","background-type":"","background-media":"","overlay-type":"","overlay-color":"","overlay-opacity":"","overlay-gradient":""},"tablet":{"background-color":"var(--ast-global-color-4)","background-image":"","background-repeat":"repeat","background-position":"center center","background-size":"auto","background-attachment":"scroll","background-type":"","background-media":"","overlay-type":"","overlay-color":"","overlay-opacity":"","overlay-gradient":""},"mobile":{"background-color":"var(--ast-global-color-4)","background-image":"","background-repeat":"repeat","background-position":"center center","background-size":"auto","background-attachment":"scroll","background-type":"","background-media":"","overlay-type":"","overlay-color":"","overlay-opacity":"","overlay-gradient":""}},"footnotes":""},"class_list":["post-114","page","type-page","status-publish","hentry"],"uagb_featured_image_src":{"full":false,"thumbnail":false,"medium":false,"medium_large":false,"large":false,"1536x1536":false,"2048x2048":false},"uagb_author_info":{"display_name":"admin","author_link":"https:\/\/gygsistemas.com.mx\/index.php\/author\/admingyg\/"},"uagb_comment_info":0,"uagb_excerpt":"Servicios Optimizar procesos, mejorar la productividad y adaptarnos a las necesidades espec\u00edficas de cada cliente. \u00a0 Ingenier\u00eda y Anal\u00edtica de [&hellip;]","_links":{"self":[{"href":"https:\/\/gygsistemas.com.mx\/index.php\/wp-json\/wp\/v2\/pages\/114","targetHints":{"allow":["GET"]}}],"collection":[{"href":"https:\/\/gygsistemas.com.mx\/index.php\/wp-json\/wp\/v2\/pages"}],"about":[{"href":"https:\/\/gygsistemas.com.mx\/index.php\/wp-json\/wp\/v2\/types\/page"}],"author":[{"embeddable":true,"href":"https:\/\/gygsistemas.com.mx\/index.php\/wp-json\/wp\/v2\/users\/1"}],"replies":[{"embeddable":true,"href":"https:\/\/gygsistemas.com.mx\/index.php\/wp-json\/wp\/v2\/comments?post=114"}],"version-history":[{"count":87,"href":"https:\/\/gygsistemas.com.mx\/index.php\/wp-json\/wp\/v2\/pages\/114\/revisions"}],"predecessor-version":[{"id":1082,"href":"https:\/\/gygsistemas.com.mx\/index.php\/wp-json\/wp\/v2\/pages\/114\/revisions\/1082"}],"wp:attachment":[{"href":"https:\/\/gygsistemas.com.mx\/index.php\/wp-json\/wp\/v2\/media?parent=114"}],"curies":[{"name":"wp","href":"https:\/\/api.w.org\/{rel}","templated":true}]}}