{"id":1025,"date":"2026-04-02T15:23:02","date_gmt":"2026-04-02T15:23:02","guid":{"rendered":"https:\/\/gygsistemas.com.mx\/?page_id=1025"},"modified":"2026-04-21T17:18:17","modified_gmt":"2026-04-21T17:18:17","slug":"elementor-pagina-1025","status":"publish","type":"page","link":"https:\/\/gygsistemas.com.mx\/index.php\/elementor-pagina-1025\/","title":{"rendered":"Aviso de Privacidad"},"content":{"rendered":"\t\t<div data-elementor-type=\"wp-page\" data-elementor-id=\"1025\" class=\"elementor elementor-1025\">\n\t\t\t\t<div class=\"elementor-element elementor-element-2eb60ec e-flex e-con-boxed e-con e-parent\" data-id=\"2eb60ec\" data-element_type=\"container\" data-e-type=\"container\">\n\t\t\t\t\t<div class=\"e-con-inner\">\n\t\t\t\t<div class=\"elementor-element elementor-element-4713dba elementor-widget elementor-widget-spacer\" data-id=\"4713dba\" data-element_type=\"widget\" data-e-type=\"widget\" data-widget_type=\"spacer.default\">\n\t\t\t\t<div class=\"elementor-widget-container\">\n\t\t\t\t\t\t\t<div class=\"elementor-spacer\">\n\t\t\t<div class=\"elementor-spacer-inner\"><\/div>\n\t\t<\/div>\n\t\t\t\t\t\t<\/div>\n\t\t\t\t<\/div>\n\t\t\t\t\t<\/div>\n\t\t\t\t<\/div>\n\t\t<div class=\"elementor-element elementor-element-cf649cc e-grid e-con-boxed e-con e-parent\" data-id=\"cf649cc\" data-element_type=\"container\" data-e-type=\"container\">\n\t\t\t\t\t<div class=\"e-con-inner\">\n\t\t\t\t<div class=\"elementor-element elementor-element-dc971ad elementor-widget elementor-widget-heading\" data-id=\"dc971ad\" data-element_type=\"widget\" data-e-type=\"widget\" data-widget_type=\"heading.default\">\n\t\t\t\t<div class=\"elementor-widget-container\">\n\t\t\t\t\t<h2 class=\"elementor-heading-title elementor-size-default\">AVISO DE PRIVACIDAD INTEGRAL\n<br>\nGYG Sistemas a la Medida<\/h2>\t\t\t\t<\/div>\n\t\t\t\t<\/div>\n\t\t\t\t<div class=\"elementor-element elementor-element-bf4d02a elementor-widget elementor-widget-text-editor\" data-id=\"bf4d02a\" data-element_type=\"widget\" data-e-type=\"widget\" data-widget_type=\"text-editor.default\">\n\t\t\t\t<div class=\"elementor-widget-container\">\n\t\t\t\t\t\t\t\t\t<p>GYG Sistemas a la Medida, con domicilio en Anillo Perif\u00e9rico 2165, piso 16, Colonia Los Alpes, Alcald\u00eda \u00c1lvaro Obreg\u00f3n, C.P. 01010, en la Ciudad de M\u00e9xico, es responsable del tratamiento de sus datos personales, en t\u00e9rminos de la legislaci\u00f3n aplicable.<\/p><p>Los datos personales que recabamos de manera directa del titular consisten en nombre, n\u00famero telef\u00f3nico, correo electr\u00f3nico, as\u00ed como cualquier comentario o informaci\u00f3n que sea proporcionada de forma voluntaria.<\/p><p>Dichos datos personales ser\u00e1n utilizados para proveer los servicios y productos solicitados; formalizar la relaci\u00f3n jur\u00eddica mediante la elaboraci\u00f3n de contratos, convenios u otros instrumentos legales; dar cumplimiento a las obligaciones derivadas de la relaci\u00f3n jur\u00eddica; brindar atenci\u00f3n a clientes, incluyendo la gesti\u00f3n de solicitudes, soporte t\u00e9cnico, aclaraciones y seguimiento de servicios; as\u00ed como para la realizaci\u00f3n de procesos administrativos internos, incluyendo facturaci\u00f3n, cobranza y control de operaciones.<\/p><p>De manera adicional, los datos personales podr\u00e1n ser utilizados para finalidades secundarias como mercadotecnia, publicidad y campa\u00f1as promocionales; notificaci\u00f3n de nuevos servicios o productos, as\u00ed como cambios en los mismos; actualizaci\u00f3n y gesti\u00f3n de bases de datos de clientes; evaluaci\u00f3n de la calidad de los servicios; y prospecci\u00f3n comercial. En caso de que el titular no desee que sus datos personales sean tratados para estas finalidades secundarias, podr\u00e1 manifestarlo enviando un correo electr\u00f3nico a clientes@gygsistemas.com.mx.<\/p><p>El titular podr\u00e1 limitar el uso o divulgaci\u00f3n de sus datos personales mediante solicitud enviada al correo electr\u00f3nico se\u00f1alado anteriormente, indicando de manera clara los datos respecto de los cuales desea ejercer dicho derecho.<\/p><p>Asimismo, el titular tiene derecho a acceder, rectificar y cancelar sus datos personales, as\u00ed como a oponerse a su tratamiento. Para el ejercicio de estos derechos, deber\u00e1 enviar una solicitud al correo electr\u00f3nico clientes@gygsistemas.com.mx, la cual deber\u00e1 contener su nombre, un medio para comunicar la respuesta, una descripci\u00f3n clara y precisa de los datos personales respecto de los cuales busca ejercer alg\u00fan derecho, as\u00ed como cualquier otro elemento que facilite la localizaci\u00f3n de estos. GYG Sistemas a la Medida dar\u00e1 respuesta en un plazo m\u00e1ximo de 20 d\u00edas h\u00e1biles y, en caso de resultar procedente, har\u00e1 efectiva la misma dentro de los 15 d\u00edas h\u00e1biles siguientes.<\/p><p>El titular podr\u00e1 revocar en cualquier momento el consentimiento que haya otorgado para el tratamiento de sus datos personales, siguiendo el mismo procedimiento se\u00f1alado para el ejercicio de los derechos ARCO.<\/p><p>Sus datos personales podr\u00e1n ser compartidos con terceros, tanto nacionales como extranjeros, \u00fanicamente cuando resulte necesario para el cumplimiento de las finalidades descritas en el presente aviso. Dichos terceros incluyen proveedores de servicios tecnol\u00f3gicos, plataformas de gesti\u00f3n empresarial como CRM, servicios de facturaci\u00f3n, almacenamiento en la nube, hosting y soporte inform\u00e1tico, entre otros necesarios para la operaci\u00f3n de la empresa. En estos casos, los terceros actuar\u00e1n como encargados del tratamiento, sujet\u00e1ndose a las instrucciones del responsable y bajo medidas de seguridad y confidencialidad adecuadas, por lo que dichas transferencias no requieren del consentimiento del titular conforme a la legislaci\u00f3n aplicable.<\/p><p>Los datos personales ser\u00e1n recabados a trav\u00e9s de medios f\u00edsicos y electr\u00f3nicos, incluyendo el sitio web institucional, formularios f\u00edsicos o digitales, correo electr\u00f3nico, aplicaciones de mensajer\u00eda instant\u00e1nea, llamadas telef\u00f3nicas y otros medios de comunicaci\u00f3n habilitados para la interacci\u00f3n con el titular.<\/p><p>El sitio web podr\u00e1 utilizar tecnolog\u00edas de rastreo como cookies, p\u00edxeles web y herramientas similares, a trav\u00e9s de las cuales se podr\u00e1 recabar informaci\u00f3n como direcci\u00f3n IP, tipo de navegador, sistema operativo, p\u00e1ginas visitadas y patrones de uso. Estas tecnolog\u00edas se utilizan para mejorar la experiencia del usuario, analizar el comportamiento de navegaci\u00f3n, generar estad\u00edsticas de uso y, en su caso, implementar estrategias de publicidad digital. El usuario puede deshabilitar estas tecnolog\u00edas desde la configuraci\u00f3n de su navegador, aunque ello podr\u00eda afectar el funcionamiento del sitio.<\/p><p>GYG Sistemas a la Medida ha designado un \u00e1rea interna responsable de la atenci\u00f3n de solicitudes relacionadas con datos personales, misma que podr\u00e1 ser contactada a trav\u00e9s del correo electr\u00f3nico clientes@gygsistemas.com.mx.<\/p><p>El presente Aviso de Privacidad podr\u00e1 ser modificado en cualquier momento, y cualquier cambio ser\u00e1 dado a conocer a trav\u00e9s del sitio web https:\/\/gygsistemas.com.mx\/.<\/p><p>Al proporcionar sus datos personales, el titular consiente su tratamiento en los t\u00e9rminos del presente Aviso de Privacidad.<\/p>\t\t\t\t\t\t\t\t<\/div>\n\t\t\t\t<\/div>\n\t\t\t\t\t<\/div>\n\t\t\t\t<\/div>\n\t\t\t\t<\/div>\n\t\t","protected":false},"excerpt":{"rendered":"<p>AVISO DE PRIVACIDAD INTEGRAL GYG Sistemas a la Medida GYG Sistemas a la Medida, con domicilio en Anillo Perif\u00e9rico 2165, [&hellip;]<\/p>\n","protected":false},"author":1,"featured_media":0,"parent":0,"menu_order":0,"comment_status":"closed","ping_status":"closed","template":"","meta":{"_uag_custom_page_level_css":"","site-sidebar-layout":"no-sidebar","site-content-layout":"","ast-site-content-layout":"full-width-container","site-content-style":"default","site-sidebar-style":"default","ast-global-header-display":"","ast-banner-title-visibility":"","ast-main-header-display":"","ast-hfb-above-header-display":"","ast-hfb-below-header-display":"","ast-hfb-mobile-header-display":"","site-post-title":"disabled","ast-breadcrumbs-content":"","ast-featured-img":"disabled","footer-sml-layout":"","theme-transparent-header-meta":"","adv-header-id-meta":"","stick-header-meta":"","header-above-stick-meta":"","header-main-stick-meta":"","header-below-stick-meta":"","astra-migrate-meta-layouts":"default","ast-page-background-enabled":"default","ast-page-background-meta":{"desktop":{"background-color":"var(--ast-global-color-5)","background-image":"","background-repeat":"repeat","background-position":"center center","background-size":"auto","background-attachment":"scroll","background-type":"","background-media":"","overlay-type":"","overlay-color":"","overlay-opacity":"","overlay-gradient":""},"tablet":{"background-color":"","background-image":"","background-repeat":"repeat","background-position":"center center","background-size":"auto","background-attachment":"scroll","background-type":"","background-media":"","overlay-type":"","overlay-color":"","overlay-opacity":"","overlay-gradient":""},"mobile":{"background-color":"","background-image":"","background-repeat":"repeat","background-position":"center center","background-size":"auto","background-attachment":"scroll","background-type":"","background-media":"","overlay-type":"","overlay-color":"","overlay-opacity":"","overlay-gradient":""}},"ast-content-background-meta":{"desktop":{"background-color":"var(--ast-global-color-4)","background-image":"","background-repeat":"repeat","background-position":"center center","background-size":"auto","background-attachment":"scroll","background-type":"","background-media":"","overlay-type":"","overlay-color":"","overlay-opacity":"","overlay-gradient":""},"tablet":{"background-color":"var(--ast-global-color-4)","background-image":"","background-repeat":"repeat","background-position":"center center","background-size":"auto","background-attachment":"scroll","background-type":"","background-media":"","overlay-type":"","overlay-color":"","overlay-opacity":"","overlay-gradient":""},"mobile":{"background-color":"var(--ast-global-color-4)","background-image":"","background-repeat":"repeat","background-position":"center center","background-size":"auto","background-attachment":"scroll","background-type":"","background-media":"","overlay-type":"","overlay-color":"","overlay-opacity":"","overlay-gradient":""}},"footnotes":""},"class_list":["post-1025","page","type-page","status-publish","hentry"],"uagb_featured_image_src":{"full":false,"thumbnail":false,"medium":false,"medium_large":false,"large":false,"1536x1536":false,"2048x2048":false},"uagb_author_info":{"display_name":"admin","author_link":"https:\/\/gygsistemas.com.mx\/index.php\/author\/admingyg\/"},"uagb_comment_info":0,"uagb_excerpt":"AVISO DE PRIVACIDAD INTEGRAL GYG Sistemas a la Medida GYG Sistemas a la Medida, con domicilio en Anillo Perif\u00e9rico 2165, [&hellip;]","_links":{"self":[{"href":"https:\/\/gygsistemas.com.mx\/index.php\/wp-json\/wp\/v2\/pages\/1025","targetHints":{"allow":["GET"]}}],"collection":[{"href":"https:\/\/gygsistemas.com.mx\/index.php\/wp-json\/wp\/v2\/pages"}],"about":[{"href":"https:\/\/gygsistemas.com.mx\/index.php\/wp-json\/wp\/v2\/types\/page"}],"author":[{"embeddable":true,"href":"https:\/\/gygsistemas.com.mx\/index.php\/wp-json\/wp\/v2\/users\/1"}],"replies":[{"embeddable":true,"href":"https:\/\/gygsistemas.com.mx\/index.php\/wp-json\/wp\/v2\/comments?post=1025"}],"version-history":[{"count":17,"href":"https:\/\/gygsistemas.com.mx\/index.php\/wp-json\/wp\/v2\/pages\/1025\/revisions"}],"predecessor-version":[{"id":1105,"href":"https:\/\/gygsistemas.com.mx\/index.php\/wp-json\/wp\/v2\/pages\/1025\/revisions\/1105"}],"wp:attachment":[{"href":"https:\/\/gygsistemas.com.mx\/index.php\/wp-json\/wp\/v2\/media?parent=1025"}],"curies":[{"name":"wp","href":"https:\/\/api.w.org\/{rel}","templated":true}]}}